{"id":91,"date":"2009-01-24T21:21:48","date_gmt":"2009-01-24T20:21:48","guid":{"rendered":"http:\/\/192.168.10.121\/wordpress\/?page_id=91"},"modified":"2018-04-25T10:36:48","modified_gmt":"2018-04-25T08:36:48","slug":"impressum","status":"publish","type":"page","link":"https:\/\/sci-fy.de\/wordpress\/impressum\/","title":{"rendered":"Impressum"},"content":{"rendered":"<p><span style=\"font-family: verdana,geneva,sans-serif; font-size: 10pt;\">Verantworlich f\u00fcr den Inhalt der Seiten ist<\/span><\/p>\n<p><span style=\"font-family: verdana,geneva,sans-serif; font-size: 10pt;\"><!--:de-->M.Kleinert<\/span><br \/>\n<span style=\"font-family: verdana,geneva,sans-serif; font-size: 10pt;\">Vo\u00dfkuhlstr. 23 A<\/span><br \/>\n<span style=\"font-family: verdana,geneva,sans-serif; font-size: 10pt;\">44797 Bochum<\/span><\/p>\n<p><span style=\"font-family: verdana,geneva,sans-serif; font-size: 10pt;\"><strong>E-Mail:<\/strong> <a href=\"mailto:mak@mkleinert.de\">Mail Adresse<\/a><br \/>\nHier gehts zum<strong> <a href=\"http:\/\/sci-fy.de\/wordpress\/?page_id=2239\">Kontaktformular<br \/>\n<\/a><\/strong><\/span><br \/>\n<span style=\"font-family: verdana,geneva,sans-serif; font-size: 10pt;\"> <strong>Internet*:&nbsp; <\/strong>https:\/\/sci-fy.de<\/span><br \/>\n<span style=\"font-family: verdana,geneva,sans-serif; font-size: 10pt;\"> Inhaltlich Verantwortlicher gem\u00e4\u00df \u00a7 10 Absatz 3 MDStV: (Name und Anschrift wie oben) ****<\/span><\/p>\n<article class=\"box post post-excerpt\">\n<header>\n<h3><span style=\"font-family: verdana,geneva,sans-serif; font-size: 10pt;\">Haftungsausschluss<\/span><\/h3>\n<\/header>\n<h4><span style=\"font-family: verdana,geneva,sans-serif; font-size: 10pt;\">Haftung f\u00fcr Inhalte<\/span><\/h4>\n<p><span style=\"font-family: verdana,geneva,sans-serif; font-size: 10pt;\">Die Inhalte unserer Seiten wurden mit gr\u00f6\u00dfter Sorgfalt erstellt. F\u00fcr die Richtigkeit, Vollst\u00e4ndigkeit und Aktualit\u00e4t der Inhalte k\u00f6nnen wir jedoch keine Gew\u00e4hr \u00fcbernehmen. Als Diensteanbieter sind wir gem\u00e4\u00df \u00a7 7 Abs.1 TMG f\u00fcr eigene Inhalte auf diesen Seiten nach den allgemeinen Gesetzen verantwortlich. Nach \u00a7\u00a7 8 bis 10 TMG sind wir als Diensteanbieter jedoch nicht verpflichtet, \u00fcbermittelte oder gespeicherte fremde Informationen zu \u00fcberwachen oder nach Umst\u00e4nden zu forschen, die auf eine rechtswidrige T\u00e4tigkeit hinweisen. Verpflichtungen zur Entfernung oder Sperrung der Nutzung von Informationen nach den allgemeinen Gesetzen bleiben hiervon unber\u00fchrt. Eine diesbez\u00fcgliche Haftung ist jedoch erst ab dem Zeitpunkt der Kenntnis einer konkreten Rechtsverletzung m\u00f6glich. Bei Bekanntwerden von entsprechenden Rechtsverletzungen werden wir diese Inhalte umgehend entfernen.<\/span><\/p>\n<h4><span style=\"font-family: verdana,geneva,sans-serif; font-size: 10pt;\">Haftung f\u00fcr Links<\/span><\/h4>\n<p><span style=\"font-family: verdana,geneva,sans-serif; font-size: 10pt;\">Unser Angebot enth\u00e4lt Links zu externen Webseiten Dritter, auf deren Inhalte wir keinen Einfluss haben. Deshalb k\u00f6nnen wir f\u00fcr diese fremden Inhalte auch keine Gew\u00e4hr \u00fcbernehmen. F\u00fcr die Inhalte der verlinkten Seiten ist stets der jeweilige Anbieter oder Betreiber der Seiten verantwortlich. Die verlinkten Seiten wurden zum Zeitpunkt der Verlinkung auf m\u00f6gliche Rechtsverst\u00f6\u00dfe \u00fcberpr\u00fcft. Rechtswidrige Inhalte waren zum Zeitpunkt der Verlinkung nicht erkennbar. Eine permanente inhaltliche Kontrolle der verlinkten Seiten ist jedoch ohne konkrete Anhaltspunkte einer Rechtsverletzung nicht zumutbar. Bei Bekanntwerden von Rechtsverletzungen werden wir derartige Links umgehend entfernen.<\/span><\/p>\n<h4><span style=\"font-family: verdana,geneva,sans-serif; font-size: 10pt;\">Urheberrecht<\/span><\/h4>\n<p><span style=\"font-family: verdana,geneva,sans-serif; font-size: 10pt;\">Die durch die Seitenbetreiber erstellten Inhalte und Werke auf diesen Seiten unterliegen dem deutschen Urheberrecht. Die Vervielf\u00e4ltigung, Bearbeitung, Verbreitung und jede Art der Verwertung au\u00dferhalb der Grenzen des Urheberrechtes bed\u00fcrfen der schriftlichen Zustimmung des jeweiligen Autors bzw. Erstellers. Downloads und Kopien dieser Seite sind nur f\u00fcr den privaten, nicht kommerziellen Gebrauch gestattet. Soweit die Inhalte auf dieser Seite nicht vom Betreiber erstellt wurden, werden die Urheberrechte Dritter beachtet. Insbesondere werden Inhalte Dritter als solche gekennzeichnet. Sollten Sie trotzdem auf eine Urheberrechtsverletzung aufmerksam werden, bitten wir um einen entsprechenden Hinweis. Bei Bekanntwerden von Rechtsverletzungen werden wir derartige Inhalte umgehend entfernen.<\/span><\/p>\n<h4><span style=\"font-family: verdana,geneva,sans-serif; font-size: 10pt;\">Datenschutz<\/span><\/h4>\n<p><span style=\"font-family: verdana,geneva,sans-serif; font-size: 10pt;\">Die Nutzung unserer Webseite ist in der Regel ohne Angabe personenbezogener Daten m\u00f6glich. Soweit auf unseren Seiten personenbezogene Daten (beispielsweise Name, Anschrift oder eMail-Adressen) erhoben werden, erfolgt dies, soweit m\u00f6glich, stets auf freiwilliger Basis. Diese Daten werden ohne Ihre ausdr\u00fcckliche Zustimmung nicht an Dritte weitergegeben.<\/span><\/p>\n<p><span style=\"font-family: verdana,geneva,sans-serif; font-size: 10pt;\">Wir weisen darauf hin, dass die Daten\u00fcbertragung im Internet (z.B. bei der Kommunikation per E-Mail) Sicherheitsl\u00fccken aufweisen kann. Ein l\u00fcckenloser Schutz der Daten vor dem Zugriff durch Dritte ist nicht m\u00f6glich.<\/span><\/p>\n<p><span style=\"font-family: verdana,geneva,sans-serif; font-size: 10pt;\">Der Nutzung von im Rahmen der Impressumspflicht ver\u00f6ffentlichten Kontaktdaten durch Dritte zur \u00dcbersendung von nicht ausdr\u00fccklich angeforderter Werbung und Informationsmaterialien wird hiermit ausdr\u00fccklich widersprochen. Die Betreiber der Seiten behalten sich ausdr\u00fccklich rechtliche Schritte im Falle der unverlangten Zusendung von Werbeinformationen, etwa durch Spam-Mails, vor.<\/span><\/p>\n<h4><span style=\"font-family: verdana,geneva,sans-serif; font-size: 10pt;\">Keine Abmahnung ohne vorherigen Kontakt<\/span><\/h4>\n<p><span style=\"font-family: verdana,geneva,sans-serif; font-size: 10pt;\">Sollte der Inhalt dieser Seiten Rechte Dritter oder gesetzliche Bestimmungen verletzen, so bitte ich um eine entsprechende Nachricht per Email. Die Beseitigung einer m\u00f6glicherweise von meinen Seiten ausgehenden Verletzung des Urheberschutzrechts durch Rechteinhaber und Rechteinhaberinnen selbst darf <b>nicht ohne meine Zustimmung<\/b> stattfinden. Ich verspreche und garantiere, dass m\u00f6glicherweise zu Recht beanstandeten Passagen selbstverst\u00e4ndlich sofort und dauerhaft entfernt werden. Dazu ist Ihrerseits die Einschaltung eines Rechtsbeistandes nicht erforderlich! Werden Ihrerseits ohne vorherige Kontaktaufnahme kostenpflichtige Abmahnungen oder Anspr\u00fcche gestellt, werde ich diese im vollem Umfang zur\u00fcckweisen. In diesem Fall behalte ich mir das Recht vor, gegebenenfalls eine Gegenklage wegen Verletzung vorgenannter Bestimmungen anzustrengen.<\/span><\/p>\n<\/article>\n<p>&nbsp;<\/p>\n<p><!--:--><\/p>\n","protected":false},"excerpt":{"rendered":"<p>Verantworlich f\u00fcr den Inhalt der Seiten ist M.Kleinert Vo\u00dfkuhlstr. 23 A 44797 Bochum E-Mail: Mail Adresse Hier gehts zum Kontaktformular Internet*:&nbsp; https:\/\/sci-fy.de Inhaltlich Verantwortlicher gem\u00e4\u00df \u00a7 10 Absatz 3 MDStV: (Name und Anschrift wie oben) **** Haftungsausschluss Haftung f\u00fcr Inhalte Die Inhalte unserer Seiten wurden mit gr\u00f6\u00dfter Sorgfalt erstellt. F\u00fcr die Richtigkeit, Vollst\u00e4ndigkeit und Aktualit\u00e4t &hellip; <\/p>\n<p class=\"link-more\"><a href=\"https:\/\/sci-fy.de\/wordpress\/impressum\/\" class=\"more-link\"><span class=\"screen-reader-text\">\u201eImpressum\u201c <\/span>weiterlesen<\/a><\/p>\n","protected":false},"author":1,"featured_media":0,"parent":0,"menu_order":7,"comment_status":"closed","ping_status":"closed","template":"","meta":{"ngg_post_thumbnail":0,"footnotes":""},"class_list":["post-91","page","type-page","status-publish","hentry"],"_links":{"self":[{"href":"https:\/\/sci-fy.de\/wordpress\/wp-json\/wp\/v2\/pages\/91","targetHints":{"allow":["GET"]}}],"collection":[{"href":"https:\/\/sci-fy.de\/wordpress\/wp-json\/wp\/v2\/pages"}],"about":[{"href":"https:\/\/sci-fy.de\/wordpress\/wp-json\/wp\/v2\/types\/page"}],"author":[{"embeddable":true,"href":"https:\/\/sci-fy.de\/wordpress\/wp-json\/wp\/v2\/users\/1"}],"replies":[{"embeddable":true,"href":"https:\/\/sci-fy.de\/wordpress\/wp-json\/wp\/v2\/comments?post=91"}],"version-history":[{"count":0,"href":"https:\/\/sci-fy.de\/wordpress\/wp-json\/wp\/v2\/pages\/91\/revisions"}],"wp:attachment":[{"href":"https:\/\/sci-fy.de\/wordpress\/wp-json\/wp\/v2\/media?parent=91"}],"curies":[{"name":"wp","href":"https:\/\/api.w.org\/{rel}","templated":true}]}}