{"id":5960,"date":"2017-10-15T17:37:50","date_gmt":"2017-10-15T15:37:50","guid":{"rendered":"http:\/\/192.168.10.121\/wordpress\/?page_id=5960"},"modified":"2022-12-12T11:29:44","modified_gmt":"2022-12-12T10:29:44","slug":"ausflug-der-coonies","status":"publish","type":"page","link":"https:\/\/sci-fy.de\/wordpress\/ausflug-der-coonies\/","title":{"rendered":"Ausflug der Coonies"},"content":{"rendered":"<p><span style=\"font-family: verdana,geneva,sans-serif; font-size: 10pt;\">Sonntag der 15. Oktober 2017<\/span><\/p>\n<p><span style=\"font-family: verdana,geneva,sans-serif; font-size: 10pt;\">Heute war es soweit. Wir haben unseren Coonies mal die gro\u00dfe weite Welt gezeigt. Auf Dauer gesehen wollen wir sie rauslassen. Eine Katze geh\u00f6rt nach draussen, das ist ihr nat\u00fcrliches Verhalten.&nbsp; Egal ob Rassekatze, Mix oder Mischling (sofern es sowas gibt ;-). <\/span><\/p>\n<p><span style=\"font-family: verdana,geneva,sans-serif; font-size: 10pt;\">Dies ist der erste Ausflug der beiden. Zuschauer hatten Sie auch :-)<\/span><\/p>\n<p><span style=\"font-family: verdana,geneva,sans-serif; font-size: 10pt;\">Soweit ist das erste mal gut gegannen. Jetzt m\u00fcssen sie die Eindr\u00fccke erst mal verarbeiten. Morgen ist ja auch noch ein Tag :-)<\/span><\/p>\nngg_shortcode_0_placeholder\n<p style=\"text-align: right;\"><span style=\"font-size: 10pt;\"><a href=\"http:\/\/sci-fy.de\/wordpress\/index.php\/ausflug-teil-2\/\"><span style=\"font-family: verdana,geneva,sans-serif;\">Hier gehts zum Teil 2<\/span><\/a><\/span><\/p>\n","protected":false},"excerpt":{"rendered":"<p>Sonntag der 15. Oktober 2017 Heute war es soweit. Wir haben unseren Coonies mal die gro\u00dfe weite Welt gezeigt. Auf Dauer gesehen wollen wir sie rauslassen. Eine Katze geh\u00f6rt nach draussen, das ist ihr nat\u00fcrliches Verhalten.&nbsp; Egal ob Rassekatze, Mix oder Mischling (sofern es sowas gibt ;-). Dies ist der erste Ausflug der beiden. Zuschauer &hellip; <\/p>\n<p class=\"link-more\"><a href=\"https:\/\/sci-fy.de\/wordpress\/ausflug-der-coonies\/\" class=\"more-link\"><span class=\"screen-reader-text\">\u201eAusflug der Coonies\u201c <\/span>weiterlesen<\/a><\/p>\n","protected":false},"author":2,"featured_media":6060,"parent":0,"menu_order":0,"comment_status":"closed","ping_status":"closed","template":"","meta":{"ngg_post_thumbnail":0,"footnotes":""},"class_list":["post-5960","page","type-page","status-publish","has-post-thumbnail","hentry"],"_links":{"self":[{"href":"https:\/\/sci-fy.de\/wordpress\/wp-json\/wp\/v2\/pages\/5960","targetHints":{"allow":["GET"]}}],"collection":[{"href":"https:\/\/sci-fy.de\/wordpress\/wp-json\/wp\/v2\/pages"}],"about":[{"href":"https:\/\/sci-fy.de\/wordpress\/wp-json\/wp\/v2\/types\/page"}],"author":[{"embeddable":true,"href":"https:\/\/sci-fy.de\/wordpress\/wp-json\/wp\/v2\/users\/2"}],"replies":[{"embeddable":true,"href":"https:\/\/sci-fy.de\/wordpress\/wp-json\/wp\/v2\/comments?post=5960"}],"version-history":[{"count":0,"href":"https:\/\/sci-fy.de\/wordpress\/wp-json\/wp\/v2\/pages\/5960\/revisions"}],"wp:featuredmedia":[{"embeddable":true,"href":"https:\/\/sci-fy.de\/wordpress\/wp-json\/wp\/v2\/media\/6060"}],"wp:attachment":[{"href":"https:\/\/sci-fy.de\/wordpress\/wp-json\/wp\/v2\/media?parent=5960"}],"curies":[{"name":"wp","href":"https:\/\/api.w.org\/{rel}","templated":true}]}}