{"id":5686,"date":"2017-06-01T21:24:12","date_gmt":"2017-06-01T19:24:12","guid":{"rendered":"http:\/\/192.168.10.121\/wordpress\/?page_id=5686"},"modified":"2022-12-12T11:29:44","modified_gmt":"2022-12-12T10:29:44","slug":"roxy","status":"publish","type":"page","link":"https:\/\/sci-fy.de\/wordpress\/roxy\/","title":{"rendered":"Roxy"},"content":{"rendered":"<p><span style=\"font-size: 10pt;\">Auch Roxy hatten wir wie Justus 2014 aus dem Tierheim geholt. Sie lebte mit Ihrer Tochter Ronia auf einer M\u00fcllkippe. Als die Futterstelle dann weg viel, brachte man Sie ins Tierheim.&nbsp; Dort stellte man dann fest, das Sie blind ist. Wir haben dann beide mitgekommen. Zus\u00e4tzlich stellte sich herraus, das Sie eine schwere Nierenerkrankung hat, die wir aber bis heute gut bek\u00e4mpfen. Ronia verstarb dann 3 Monate sp\u00e4ter an der selben Nierenkrankheit. <\/span><\/p>\n<p><span style=\"font-size: 10pt;\">Mittlerweile ist Roxy auf einem Ohr taub, so das wenn Sie Ger\u00e4usche h\u00f6rt sich immer in die falsche Richtung dreht. Anscheinend macht es Ihr aber nichts aus. Sie schl\u00e4ft viel und wenn Sie mit bekommt das einer von uns da ist, kommt Sie zum schmusen :-) <\/span><\/p>\n<p><span style=\"font-size: 10pt;\">Leider hat sich zu Ihrer Nierenentz\u00fcndung noch eine Bauchspeicheldr\u00fcsenentz\u00fcndung hinzu gesellt. Da wir bei sowas nicht aufgeben haben wir probiert das ganze mit viel Hingabe und einem sehr guten Tierarzt in Griff zu bekommen. Leider haben wir den Kampf verloren und mussten Roxy heute am 07.09.2017&nbsp; schweren Herzens gehen lassen.&nbsp; Wir hoffen das wir alles richtig gemacht haben. <\/span><\/p>\n<p style=\"text-align: right;\"><span style=\"font-size: 10pt;\">Leb wohl du kleines Wollkn\u00e4ul<\/span><\/p>\nngg_shortcode_0_placeholder\n<p><span style=\"font-size: 10pt;\">Und daf\u00fcr das Sie blind ist, kann Sie richtig gut spielen. Und das nur mit Geh\u00f6r. Ich find das wahnsinnig.<\/span><\/p>\n<p><iframe loading=\"lazy\" src=\"https:\/\/www.youtube.com\/embed\/Y3onocrumxM\" allowfullscreen=\"allowfullscreen\" frameborder=\"0\" width=\"560\" height=\"315\"><\/iframe><\/p>\n","protected":false},"excerpt":{"rendered":"<p>Auch Roxy hatten wir wie Justus 2014 aus dem Tierheim geholt. Sie lebte mit Ihrer Tochter Ronia auf einer M\u00fcllkippe. Als die Futterstelle dann weg viel, brachte man Sie ins Tierheim.&nbsp; Dort stellte man dann fest, das Sie blind ist. Wir haben dann beide mitgekommen. Zus\u00e4tzlich stellte sich herraus, das Sie eine schwere Nierenerkrankung hat, &hellip; <\/p>\n<p class=\"link-more\"><a href=\"https:\/\/sci-fy.de\/wordpress\/roxy\/\" class=\"more-link\"><span class=\"screen-reader-text\">\u201eRoxy\u201c <\/span>weiterlesen<\/a><\/p>\n","protected":false},"author":2,"featured_media":0,"parent":0,"menu_order":0,"comment_status":"closed","ping_status":"closed","template":"","meta":{"ngg_post_thumbnail":0,"footnotes":""},"class_list":["post-5686","page","type-page","status-publish","hentry"],"_links":{"self":[{"href":"https:\/\/sci-fy.de\/wordpress\/wp-json\/wp\/v2\/pages\/5686","targetHints":{"allow":["GET"]}}],"collection":[{"href":"https:\/\/sci-fy.de\/wordpress\/wp-json\/wp\/v2\/pages"}],"about":[{"href":"https:\/\/sci-fy.de\/wordpress\/wp-json\/wp\/v2\/types\/page"}],"author":[{"embeddable":true,"href":"https:\/\/sci-fy.de\/wordpress\/wp-json\/wp\/v2\/users\/2"}],"replies":[{"embeddable":true,"href":"https:\/\/sci-fy.de\/wordpress\/wp-json\/wp\/v2\/comments?post=5686"}],"version-history":[{"count":0,"href":"https:\/\/sci-fy.de\/wordpress\/wp-json\/wp\/v2\/pages\/5686\/revisions"}],"wp:attachment":[{"href":"https:\/\/sci-fy.de\/wordpress\/wp-json\/wp\/v2\/media?parent=5686"}],"curies":[{"name":"wp","href":"https:\/\/api.w.org\/{rel}","templated":true}]}}