{"id":5653,"date":"2017-06-01T20:31:24","date_gmt":"2017-06-01T18:31:24","guid":{"rendered":"http:\/\/192.168.10.121\/wordpress\/?page_id=5653"},"modified":"2022-12-12T11:29:44","modified_gmt":"2022-12-12T10:29:44","slug":"nepomuk","status":"publish","type":"page","link":"https:\/\/sci-fy.de\/wordpress\/nepomuk\/","title":{"rendered":"Nepomuk"},"content":{"rendered":"<p>Nepomuk<\/p>\n<p>Das K\u00fcken von allen. Er entpuppte sich als Scherzkeks. Zu jedem Spa\u00df bereit und ein absolut lieber Kater. Nepomuk war in einem Haushalt wo die \u00e4ltere Katze ihn immer angegriffen hatte. Darauf hin kam er zu uns. Und wie ihr sehen k\u00f6nnt, geht es Ihm gut. Sehr gut sogar :lol: &nbsp;Mittlerweile ist er auch in der Nachbarschaft bekannt und er darf sogar \u00fcberall rein. Er ist bekannt wie ein bunter Hund bei uns hier.&nbsp;<\/p>\n<p><strong>UPDATE:<\/strong><\/p>\n<p>Am 03.08.18 wurde Nepomuk von einem Auto angefahren und der Autofahrer hat Ihn liegen gelassen.&nbsp;Er hat sich zwar noch in einen Eingang zur\u00fcckziehen k\u00f6nnen, kam dort aber nicht mehr weiter. In den fr\u00fchen Morgenstunden hat eine Anwohnerin sein kl\u00e4gliches Miauen geh\u00f6rt und Ihren Mann runtergeschickt. Er hat den kleinen Kerl hoch geholt in die Wohnung. Nach Absprache hat er Nepomuk sofort ins Tierheim gebracht und diese wiederum haben Tasso informiert<em> (alle unsere Tiere sind geschippt)<\/em>. Ich bin sofort ins Tierheim und habe ihn zum Tierarzt gebracht, wo er aber nach sehr kurzer Zeit dann an seinen zu starken inneren Verletzungen verstarb.<\/p>\n<p>Die komplett Stra\u00dfe trauert um einen sagenhaften Kater, der nicht nur uns sondern auch die Nachbarschaft immer wieder zum Lachen brachte. Er war ein gro\u00dfartiger Kater. Er war \u00fcberall zuhause und konnte \u00fcberall rein gehen. Jeder hat ihn geliebt. Er w\u00e4re im August 18 4 Jahre alt geworden. Lebwohl kleiner Mann, auf das du gut \u00fcber die Regenbogenbr\u00fccke kommst.<\/p>\nngg_shortcode_0_placeholder\n","protected":false},"excerpt":{"rendered":"<p>Nepomuk Das K\u00fcken von allen. Er entpuppte sich als Scherzkeks. Zu jedem Spa\u00df bereit und ein absolut lieber Kater. Nepomuk war in einem Haushalt wo die \u00e4ltere Katze ihn immer angegriffen hatte. Darauf hin kam er zu uns. Und wie ihr sehen k\u00f6nnt, geht es Ihm gut. Sehr gut sogar :lol: &nbsp;Mittlerweile ist er auch &hellip; <\/p>\n<p class=\"link-more\"><a href=\"https:\/\/sci-fy.de\/wordpress\/nepomuk\/\" class=\"more-link\"><span class=\"screen-reader-text\">\u201eNepomuk\u201c <\/span>weiterlesen<\/a><\/p>\n","protected":false},"author":2,"featured_media":6379,"parent":0,"menu_order":0,"comment_status":"closed","ping_status":"closed","template":"","meta":{"ngg_post_thumbnail":0,"footnotes":""},"class_list":["post-5653","page","type-page","status-publish","has-post-thumbnail","hentry"],"_links":{"self":[{"href":"https:\/\/sci-fy.de\/wordpress\/wp-json\/wp\/v2\/pages\/5653","targetHints":{"allow":["GET"]}}],"collection":[{"href":"https:\/\/sci-fy.de\/wordpress\/wp-json\/wp\/v2\/pages"}],"about":[{"href":"https:\/\/sci-fy.de\/wordpress\/wp-json\/wp\/v2\/types\/page"}],"author":[{"embeddable":true,"href":"https:\/\/sci-fy.de\/wordpress\/wp-json\/wp\/v2\/users\/2"}],"replies":[{"embeddable":true,"href":"https:\/\/sci-fy.de\/wordpress\/wp-json\/wp\/v2\/comments?post=5653"}],"version-history":[{"count":0,"href":"https:\/\/sci-fy.de\/wordpress\/wp-json\/wp\/v2\/pages\/5653\/revisions"}],"wp:featuredmedia":[{"embeddable":true,"href":"https:\/\/sci-fy.de\/wordpress\/wp-json\/wp\/v2\/media\/6379"}],"wp:attachment":[{"href":"https:\/\/sci-fy.de\/wordpress\/wp-json\/wp\/v2\/media?parent=5653"}],"curies":[{"name":"wp","href":"https:\/\/api.w.org\/{rel}","templated":true}]}}