{"id":308,"date":"2009-02-02T22:21:41","date_gmt":"2009-02-02T21:21:41","guid":{"rendered":"http:\/\/192.168.10.121\/wordpress\/?page_id=308"},"modified":"2017-06-01T12:33:52","modified_gmt":"2017-06-01T10:33:52","slug":"querbeet","status":"publish","type":"page","link":"https:\/\/sci-fy.de\/wordpress\/gallery\/querbeet\/","title":{"rendered":"Querbeet"},"content":{"rendered":"<p><span style=\"font-size: 10pt; font-family: verdana,geneva,sans-serif;\">Die <b>Jahrhunderthalle<\/b> ist eine Veranstaltungshalle im <a title=\"Bochum\" href=\"https:\/\/de.wikipedia.org\/wiki\/Bochum\" target=\"_blank\" rel=\"noopener noreferrer\">Bochumer<\/a> Stadtteil <a title=\"Stahlhausen\" href=\"https:\/\/de.wikipedia.org\/wiki\/Stahlhausen\" target=\"_blank\" rel=\"noopener noreferrer\">Stahlhausen<\/a>. Die Halle wurde 1902 vom <a title=\"Bochumer Verein\" href=\"https:\/\/de.wikipedia.org\/wiki\/Bochumer_Verein\" target=\"_blank\" rel=\"noopener noreferrer\">Bochumer Verein<\/a> f\u00fcr die <a title=\"Industrie- und Gewerbeausstellung D\u00fcsseldorf\" href=\"https:\/\/de.wikipedia.org\/wiki\/Industrie-_und_Gewerbeausstellung_D%C3%BCsseldorf\" target=\"_blank\" rel=\"noopener noreferrer\">D\u00fcsseldorfer Industrie- und Gewerbeausstellung<\/a> gebaut und anschlie\u00dfend als <a title=\"Verdichter\" href=\"https:\/\/de.wikipedia.org\/wiki\/Verdichter\" target=\"_blank\" rel=\"noopener noreferrer\">Gebl\u00e4semaschinenhalle<\/a> f\u00fcr die <a title=\"Hochofen\" href=\"https:\/\/de.wikipedia.org\/wiki\/Hochofen\">Hoch\u00f6fen<\/a> des Bochumer Vereins wiederverwendet. Sie wurde mehrfach erweitert, der Name Jahrhunderthalle wird heute f\u00fcr das gesamte Bauwerk verwendet, das eine Fl\u00e4che von 8.900&nbsp;m\u00b2 bedeckt.<\/span><\/p>\nngg_shortcode_0_placeholder\n","protected":false},"excerpt":{"rendered":"<p>Die Jahrhunderthalle ist eine Veranstaltungshalle im Bochumer Stadtteil Stahlhausen. Die Halle wurde 1902 vom Bochumer Verein f\u00fcr die D\u00fcsseldorfer Industrie- und Gewerbeausstellung gebaut und anschlie\u00dfend als Gebl\u00e4semaschinenhalle f\u00fcr die Hoch\u00f6fen des Bochumer Vereins wiederverwendet. Sie wurde mehrfach erweitert, der Name Jahrhunderthalle wird heute f\u00fcr das gesamte Bauwerk verwendet, das eine Fl\u00e4che von 8.900&nbsp;m\u00b2 bedeckt. &#8220; &hellip; <\/p>\n<p class=\"link-more\"><a href=\"https:\/\/sci-fy.de\/wordpress\/gallery\/querbeet\/\" class=\"more-link\"><span class=\"screen-reader-text\">\u201eQuerbeet\u201c <\/span>weiterlesen<\/a><\/p>\n","protected":false},"author":1,"featured_media":0,"parent":62,"menu_order":0,"comment_status":"open","ping_status":"closed","template":"","meta":{"ngg_post_thumbnail":0,"footnotes":""},"class_list":["post-308","page","type-page","status-publish","hentry"],"_links":{"self":[{"href":"https:\/\/sci-fy.de\/wordpress\/wp-json\/wp\/v2\/pages\/308","targetHints":{"allow":["GET"]}}],"collection":[{"href":"https:\/\/sci-fy.de\/wordpress\/wp-json\/wp\/v2\/pages"}],"about":[{"href":"https:\/\/sci-fy.de\/wordpress\/wp-json\/wp\/v2\/types\/page"}],"author":[{"embeddable":true,"href":"https:\/\/sci-fy.de\/wordpress\/wp-json\/wp\/v2\/users\/1"}],"replies":[{"embeddable":true,"href":"https:\/\/sci-fy.de\/wordpress\/wp-json\/wp\/v2\/comments?post=308"}],"version-history":[{"count":0,"href":"https:\/\/sci-fy.de\/wordpress\/wp-json\/wp\/v2\/pages\/308\/revisions"}],"up":[{"embeddable":true,"href":"https:\/\/sci-fy.de\/wordpress\/wp-json\/wp\/v2\/pages\/62"}],"wp:attachment":[{"href":"https:\/\/sci-fy.de\/wordpress\/wp-json\/wp\/v2\/media?parent=308"}],"curies":[{"name":"wp","href":"https:\/\/api.w.org\/{rel}","templated":true}]}}