{"id":210,"date":"2009-01-28T08:26:18","date_gmt":"2009-01-28T07:26:18","guid":{"rendered":"http:\/\/192.168.10.121\/wordpress\/?page_id=210"},"modified":"2023-07-31T14:36:36","modified_gmt":"2023-07-31T12:36:36","slug":"fun","status":"publish","type":"page","link":"https:\/\/sci-fy.de\/wordpress\/fun\/","title":{"rendered":"Fun"},"content":{"rendered":"<p><!--:de--><\/p>\n<p>&nbsp;<\/p>\n<table style=\"height: 1625px;\" width=\"701\" border=\"0\">\n<tbody>\n<tr>\n<td>Fand ich ganz interessant. Werd es wohl n\u00e4chstes mal auch so machen<\/td>\n<td>http:\/\/www.youtube.com\/watch?v=7a6VIq2P61o&amp;feature=player_embedded<\/td>\n<\/tr>\n<tr>\n<td>Kurztripp nach Ney York gef\u00e4lligst. Ein Cooler Film. Einfach nur geniessen &#8212;&#8212;&gt;&gt;&gt;<\/td>\n<td><a href=\"https:\/\/www.youtube.com\/watch?v=mwt-XiRmfAs\" target=\"_blank\" rel=\"noopener\">http:\/\/www.youtube.com\/watch?v=mwt-XiRmfAsNew York l\u00e4\u00dft gr\u00fc\u00dfen<\/a><\/td>\n<\/tr>\n<tr>\n<td>Obama ist noch gar nicht richtig Pr\u00e4sident, da werden schon die ersten, naja ich sag mal teilweise witzigen Sachen gemacht. Hier mal ein kleiner Film<\/td>\n<td><a href=\"http:\/\/sci-fy.de\/wordpress\/wp-content\/uploads\/2009\/01\/obama.wmv\" target=\"_self\" rel=\"noopener\">http:\/\/youtu.be\/jossW8bckcQ<\/a><\/td>\n<\/tr>\n<tr>\n<td>Erste Amtshandlung von Obama<\/td>\n<td><a href=\"http:\/\/sci-fy.de\/wordpress\/wp-content\/uploads\/2009\/01\/obamas-erste-amtshandlung.jpg\" rel=\"lightbox[210]\"><img loading=\"lazy\" decoding=\"async\" class=\"alignleft size-medium wp-image-214\" title=\"obamas-erste-amtshandlung\" src=\"\/\/192.168.10.121\/wordpress\/wp-content\/uploads\/2009\/01\/obamas-erste-amtshandlung-300x225.jpg\" alt=\"\" width=\"300\" height=\"225\" srcset=\"https:\/\/sci-fy.de\/wordpress\/wp-content\/uploads\/2009\/01\/obamas-erste-amtshandlung-300x225.jpg 300w, https:\/\/sci-fy.de\/wordpress\/wp-content\/uploads\/2009\/01\/obamas-erste-amtshandlung.jpg 1024w\" sizes=\"auto, (max-width: 300px) 100vw, 300px\" \/><\/a><\/td>\n<\/tr>\n<tr>\n<td>Nat\u00fcrlich d\u00fcrfen auch unsere lieben Haustiere hier nicht fehlen. Denn die machen echt die lustigsten Sachen<\/td>\n<td><a href=\"http:\/\/sci-fy.de\/wordpress\/index.php\/fun\/katzen\/\" rel=\"attachment wp-att-222\">Katzen<\/a><\/td>\n<\/tr>\n<tr>\n<td>Auch Dieter Nuhr darf hier in der Reihe nicht fehlen. Ein Film den jeder kennen sollte.<\/td>\n<td><a href=\"http:\/\/sci-fy.de\/wordpress\/mpeg\/Pinguin_als_MPG.mpg\">Einfach mal &#8230;..<\/a><\/td>\n<\/tr>\n<tr>\n<td>Du bist Terrorist<\/td>\n<td><object classid=\"clsid:d27cdb6e-ae6d-11cf-96b8-444553540000\" codebase=\"http:\/\/download.macromedia.com\/pub\/shockwave\/cabs\/flash\/swflash.cab#version=6,0,40,0\" width=\"302\" height=\"226\"><param name=\"allowFullScreen\" value=\"true\"\/><param name=\"allowscriptaccess\" value=\"always\"\/><param name=\"src\" value=\"http:\/\/www.youtube.com\/v\/SGD2q2vewzQ&amp;hl=de&amp;fs=1\"\/><param name=\"allowfullscreen\" value=\"true\"\/><embed allowfullscreen=\"allowfullscreen\" allowscriptaccess=\"always\" src=\"\/\/www.youtube.com\/v\/SGD2q2vewzQ&amp;hl=de&amp;fs=1\" type=\"application\/x-shockwave-flash\" width=\"302\" height=\"226\"\/><\/object><\/td>\n<\/tr>\n<tr>\n<td>Ich liebe Katzen. Sie sind manchmal sooo doof und manchmal \u00fcberraschen Sie einen immer wieder<\/td>\n<td><a href=\"http:\/\/sci-fy.de\/wordpress\/index.php\/fun\/katzen1\/\" rel=\"attachment wp-att-602\">katzen1<\/a><\/td>\n<\/tr>\n<tr>\n<td>Schweinegrippe. Ein sehr ernstes Thema. Hier schon das erste Opfer<\/td>\n<td><a href=\"http:\/\/sci-fy.de\/wordpress\/index.php\/fun\/schweinegrippe\/\" rel=\"attachment wp-att-607\">Schweinegrippe<\/a><\/td>\n<\/tr>\n<tr>\n<td>Aus der Frankfurter Rundschau<\/td>\n<td><a href=\"http:\/\/sci-fy.de\/wordpress\/wp-content\/uploads\/2009\/01\/sack.jpg\" rel=\"lightbox[210]\"><img loading=\"lazy\" decoding=\"async\" class=\"size-thumbnail wp-image-1086 alignleft\" title=\"sack\" src=\"\/\/192.168.10.121\/wordpress\/wp-content\/uploads\/2009\/01\/sack-100x100.jpg\" alt=\"sack\" width=\"100\" height=\"100\"\/><\/a><\/td>\n<\/tr>\n<tr>\n<td>&nbsp;<\/td>\n<td><object classid=\"clsid:d27cdb6e-ae6d-11cf-96b8-444553540000\" codebase=\"http:\/\/download.macromedia.com\/pub\/shockwave\/cabs\/flash\/swflash.cab#version=6,0,40,0\" width=\"425\" height=\"344\"><param name=\"allowFullScreen\" value=\"true\"\/><param name=\"allowscriptaccess\" value=\"always\"\/><param name=\"src\" value=\"http:\/\/www.youtube.com\/v\/nNUYazKQ5s8&amp;hl=de&amp;fs=1&amp;\"\/><param name=\"allowfullscreen\" value=\"true\"\/><embed allowfullscreen=\"allowfullscreen\" allowscriptaccess=\"always\" src=\"\/\/www.youtube.com\/v\/nNUYazKQ5s8&amp;hl=de&amp;fs=1&amp;\" type=\"application\/x-shockwave-flash\" width=\"425\" height=\"344\"\/><\/object><\/td>\n<\/tr>\n<tr>\n<td>&nbsp;<\/td>\n<td>&nbsp;<\/td>\n<\/tr>\n<tr>\n<td>&nbsp;<\/td>\n<td>&nbsp;<\/td>\n<\/tr>\n<\/tbody>\n<\/table>\n<p>&nbsp;<\/p>\n","protected":false},"excerpt":{"rendered":"<p>&nbsp; Fand ich ganz interessant. Werd es wohl n\u00e4chstes mal auch so machen http:\/\/www.youtube.com\/watch?v=7a6VIq2P61o&amp;feature=player_embedded Kurztripp nach Ney York gef\u00e4lligst. Ein Cooler Film. Einfach nur geniessen &#8212;&#8212;&gt;&gt;&gt; http:\/\/www.youtube.com\/watch?v=mwt-XiRmfAsNew York l\u00e4\u00dft gr\u00fc\u00dfen Obama ist noch gar nicht richtig Pr\u00e4sident, da werden schon die ersten, naja ich sag mal teilweise witzigen Sachen gemacht. Hier mal ein kleiner Film &hellip; <\/p>\n<p class=\"link-more\"><a href=\"https:\/\/sci-fy.de\/wordpress\/fun\/\" class=\"more-link\"><span class=\"screen-reader-text\">\u201eFun\u201c <\/span>weiterlesen<\/a><\/p>\n","protected":false},"author":1,"featured_media":0,"parent":0,"menu_order":5,"comment_status":"closed","ping_status":"closed","template":"","meta":{"ngg_post_thumbnail":0,"footnotes":""},"class_list":["post-210","page","type-page","status-publish","hentry"],"_links":{"self":[{"href":"https:\/\/sci-fy.de\/wordpress\/wp-json\/wp\/v2\/pages\/210","targetHints":{"allow":["GET"]}}],"collection":[{"href":"https:\/\/sci-fy.de\/wordpress\/wp-json\/wp\/v2\/pages"}],"about":[{"href":"https:\/\/sci-fy.de\/wordpress\/wp-json\/wp\/v2\/types\/page"}],"author":[{"embeddable":true,"href":"https:\/\/sci-fy.de\/wordpress\/wp-json\/wp\/v2\/users\/1"}],"replies":[{"embeddable":true,"href":"https:\/\/sci-fy.de\/wordpress\/wp-json\/wp\/v2\/comments?post=210"}],"version-history":[{"count":0,"href":"https:\/\/sci-fy.de\/wordpress\/wp-json\/wp\/v2\/pages\/210\/revisions"}],"wp:attachment":[{"href":"https:\/\/sci-fy.de\/wordpress\/wp-json\/wp\/v2\/media?parent=210"}],"curies":[{"name":"wp","href":"https:\/\/api.w.org\/{rel}","templated":true}]}}